{"id":707,"date":"2022-09-17T10:02:35","date_gmt":"2022-09-17T08:02:35","guid":{"rendered":"http:\/\/plqha.pl\/strona\/?page_id=707"},"modified":"2024-04-21T20:55:13","modified_gmt":"2024-04-21T18:55:13","slug":"stowarzyszenie","status":"publish","type":"page","link":"http:\/\/plqha.pl\/strona\/stowarzyszenie\/","title":{"rendered":"Stowarzyszenie"},"content":{"rendered":"\n<p><strong>Prezes Zarz\u0105du&nbsp;<\/strong><\/p>\n\n\n\n<p>Paulina Le\u015bniak<\/p>\n\n\n\n<p><strong>Wice-prezes<\/strong><\/p>\n\n\n\n<p>Katarzyna Gmerek, Katarzyna Czechowicz<\/p>\n\n\n\n<p><\/p>\n\n\n\n<p><strong>Polish Quarter Horse Association<\/strong><\/p>\n\n\n\n<p>Siedziba<\/p>\n\n\n\n<p>48-100 R\u00f3wne 84a<\/p>\n\n\n\n<p><strong>Statut Stowarzyszenia<\/strong>:<\/p>\n\n\n\n<p><a href=\"https:\/\/plqha.pl\/strona\/wp-content\/uploads\/2022\/09\/statut-plqha-2016-1.pdf\" data-type=\"attachment\" data-id=\"734\">Pobierz<\/a><\/p>\n\n\n\n<p><strong>Cz\u0142onkostwo<\/strong>:<\/p>\n\n\n\n<ul class=\"wp-block-list\">\n<li><strong>Sk\u0142adka cz\u0142onkowska PLQHA osoba pe\u0142noletnia:<\/strong><\/li>\n\n\n\n<li>100 z\u0142 p\u0142atne do 31 marca b.r.<\/li>\n\n\n\n<li>150 z\u0142 p\u0142atne po 31 marca b.r.<\/li>\n\n\n\n<li><strong>Sk\u0142adka cz\u0142onkowska PLQHA do 18 r.\u017c.:<\/strong><\/li>\n\n\n\n<li>70 z\u0142 p\u0142atne do 31 marca b.r.<\/li>\n\n\n\n<li>120 z\u0142 p\u0142atne po 31 marca b.r.<\/li>\n\n\n\n<li><strong>Sk\u0142adka cz\u0142onkowska p\u0142atna na zawodach skutkuje dodatkow\u0105 op\u0142at\u0105 50 z\u0142<\/strong><\/li>\n\n\n\n<li>Konto PLQHA 33 1600 1462 1819 7244 8000 0001 BNP Paribas<\/li>\n<\/ul>\n\n\n\n<p><strong>Konto PLQHA<\/strong><\/p>\n\n\n\n<p><\/p>\n\n\n\n<p><\/p>\n\n\n\n<p><\/p>\n","protected":false},"excerpt":{"rendered":"<p>Prezes Zarz\u0105du&nbsp; Paulina Le\u015bniak Wice-prezes Katarzyna Gmerek, Katarzyna Czechowicz Polish Quarter Horse Association Siedziba 48-100 R\u00f3wne 84a Statut Stowarzyszenia: Pobierz Cz\u0142onkostwo: Konto PLQHA<\/p>\n","protected":false},"author":1,"featured_media":0,"parent":0,"menu_order":0,"comment_status":"closed","ping_status":"closed","template":"","meta":{"_et_pb_use_builder":"","_et_pb_old_content":"","_et_gb_content_width":"","footnotes":""},"class_list":["post-707","page","type-page","status-publish","hentry"],"acf":[],"_links":{"self":[{"href":"http:\/\/plqha.pl\/strona\/wp-json\/wp\/v2\/pages\/707","targetHints":{"allow":["GET"]}}],"collection":[{"href":"http:\/\/plqha.pl\/strona\/wp-json\/wp\/v2\/pages"}],"about":[{"href":"http:\/\/plqha.pl\/strona\/wp-json\/wp\/v2\/types\/page"}],"author":[{"embeddable":true,"href":"http:\/\/plqha.pl\/strona\/wp-json\/wp\/v2\/users\/1"}],"replies":[{"embeddable":true,"href":"http:\/\/plqha.pl\/strona\/wp-json\/wp\/v2\/comments?post=707"}],"version-history":[{"count":8,"href":"http:\/\/plqha.pl\/strona\/wp-json\/wp\/v2\/pages\/707\/revisions"}],"predecessor-version":[{"id":1346,"href":"http:\/\/plqha.pl\/strona\/wp-json\/wp\/v2\/pages\/707\/revisions\/1346"}],"wp:attachment":[{"href":"http:\/\/plqha.pl\/strona\/wp-json\/wp\/v2\/media?parent=707"}],"curies":[{"name":"wp","href":"https:\/\/api.w.org\/{rel}","templated":true}]}}