{"id":790,"date":"2023-01-21T12:12:44","date_gmt":"2023-01-21T11:12:44","guid":{"rendered":"https:\/\/plqha.pl\/strona\/?page_id=790"},"modified":"2024-04-21T20:29:29","modified_gmt":"2024-04-21T18:29:29","slug":"zawody","status":"publish","type":"page","link":"http:\/\/plqha.pl\/strona\/zawody\/","title":{"rendered":"Zawody"},"content":{"rendered":"\n<div class=\"wp-block-media-text is-stacked-on-mobile\"><figure class=\"wp-block-media-text__media\"><img decoding=\"async\" src=\"https:\/\/plqha.pl\/strona\/wp-content\/uploads\/2024\/01\/406589849_826040675986581_5002882352117501566_n.jpg\" alt=\"\" class=\"wp-image-1301 size-full\"\/><\/figure><div class=\"wp-block-media-text__content\">\n<p>07 -09 czerwiec<a href=\"https:\/\/fb.me\/e\/3kgowc9Fr\"> Open Mind Cup 2024<\/a><\/p>\n<\/div><\/div>\n\n\n\n<div class=\"wp-block-media-text is-stacked-on-mobile\"><figure class=\"wp-block-media-text__media\"><img loading=\"lazy\" decoding=\"async\" width=\"900\" height=\"900\" src=\"https:\/\/plqha.pl\/strona\/wp-content\/uploads\/2024\/02\/horselandranch-1.jpg\" alt=\"\" class=\"wp-image-1312 size-full\" srcset=\"https:\/\/plqha.pl\/strona\/wp-content\/uploads\/2024\/02\/horselandranch-1.jpg 900w, https:\/\/plqha.pl\/strona\/wp-content\/uploads\/2024\/02\/horselandranch-1-480x480.jpg 480w\" sizes=\"auto, (min-width: 0px) and (max-width: 480px) 480px, (min-width: 481px) 900px, 100vw\" \/><\/figure><div class=\"wp-block-media-text__content\">\n<p>29 &#8211; 30 czerwiec 2024 <a href=\"https:\/\/www.facebook.com\/events\/645775964429811\/?acontext=%7B%22event_action_history%22%3A[%7B%22surface%22%3A%22home%22%7D%2C%7B%22mechanism%22%3A%22group_featured_unit%22%2C%22surface%22%3A%22group%22%7D]%2C%22ref_notif_type%22%3Anull%7D\">Horse Land Ranch<\/a> <\/p>\n<\/div><\/div>\n\n\n\n<div class=\"wp-block-media-text is-stacked-on-mobile\"><figure class=\"wp-block-media-text__media\"><img loading=\"lazy\" decoding=\"async\" width=\"627\" height=\"627\" src=\"https:\/\/plqha.pl\/strona\/wp-content\/uploads\/2024\/01\/260765570_302957118351201_7944777400987382541_n.jpg\" alt=\"\" class=\"wp-image-1302 size-full\" srcset=\"https:\/\/plqha.pl\/strona\/wp-content\/uploads\/2024\/01\/260765570_302957118351201_7944777400987382541_n.jpg 627w, https:\/\/plqha.pl\/strona\/wp-content\/uploads\/2024\/01\/260765570_302957118351201_7944777400987382541_n-480x480.jpg 480w\" sizes=\"auto, (min-width: 0px) and (max-width: 480px) 480px, (min-width: 481px) 627px, 100vw\" \/><\/figure><div class=\"wp-block-media-text__content\">\n<p>5 &#8211; 7 lipiec 2024 <a href=\"https:\/\/www.facebook.com\/profile.php?id=100055664747976\">Born 2 Slide<\/a><\/p>\n\n\n\n<div class=\"wp-block-media-text is-stacked-on-mobile\"><figure class=\"wp-block-media-text__media\"><\/figure><div class=\"wp-block-media-text__content\">\n<p><\/p>\n<\/div><\/div>\n<\/div><\/div>\n\n\n\n<div class=\"wp-block-media-text is-stacked-on-mobile\"><figure class=\"wp-block-media-text__media\"><img loading=\"lazy\" decoding=\"async\" width=\"376\" height=\"225\" src=\"https:\/\/plqha.pl\/strona\/wp-content\/uploads\/2024\/04\/plwir-1.jpg\" alt=\"\" class=\"wp-image-1334 size-full\" srcset=\"http:\/\/plqha.pl\/strona\/wp-content\/uploads\/2024\/04\/plwir-1.jpg 376w, http:\/\/plqha.pl\/strona\/wp-content\/uploads\/2024\/04\/plwir-1-300x180.jpg 300w\" sizes=\"auto, (max-width: 376px) 100vw, 376px\" \/><\/figure><div class=\"wp-block-media-text__content\">\n<p>22 &#8211; 25 sierpie\u0144 2024 Mistrzostwa PLWiR <\/p>\n\n\n\n<p>w Rancho Syberia<\/p>\n<\/div><\/div>\n\n\n\n<div class=\"wp-block-media-text is-stacked-on-mobile\"><figure class=\"wp-block-media-text__media\"><img loading=\"lazy\" decoding=\"async\" width=\"1024\" height=\"916\" src=\"https:\/\/plqha.pl\/strona\/wp-content\/uploads\/2024\/01\/PLQHA-PNG-3-1024x916.png\" alt=\"\" class=\"wp-image-1303 size-full\" srcset=\"https:\/\/plqha.pl\/strona\/wp-content\/uploads\/2024\/01\/PLQHA-PNG-3-1024x916.png 1024w, https:\/\/plqha.pl\/strona\/wp-content\/uploads\/2024\/01\/PLQHA-PNG-3-980x877.png 980w, https:\/\/plqha.pl\/strona\/wp-content\/uploads\/2024\/01\/PLQHA-PNG-3-480x430.png 480w\" sizes=\"auto, (min-width: 0px) and (max-width: 480px) 480px, (min-width: 481px) and (max-width: 980px) 980px, (min-width: 981px) 1024px, 100vw\" \/><\/figure><div class=\"wp-block-media-text__content\">\n<p> -27 -29. 09. 2024 <a href=\"https:\/\/www.facebook.com\/events\/240313362352698\" data-type=\"link\" data-id=\"https:\/\/www.facebook.com\/events\/240313362352698\">Mistrzostwa PLQHA  <\/a><\/p>\n\n\n\n<p><\/p>\n<\/div><\/div>\n\n\n\n<p><\/p><h2>Konkurs All Around Rider 202K<\/h2>\n\n\n\n<p><a href=\"http:\/\/plqha.pl\/strona\/wp-content\/uploads\/2024\/02\/REGULAMIN_KONKURSU_KonkursAllAroundRider-2024.pdf\">Konkurs PLQHA All Around Rider 2024<\/a><\/p>\n\n\n\n<p> Podczas  zawod\u00f3w rozgrywanych pod patronatem PLQHA  w sezonie 2024 zawodnicy b\u0119d\u0105 zdobywali punkty.  Na Mistrzostwach Polski PLQHA 27 &#8211; 29 wrze\u015bnia 2024 w Roleski Ranch zwyci\u0119zcy szczeg\u00f3lnych kategorii otrzymaj\u0105 klamry i uzyskaj\u0105 tytu\u0142y:<\/p>\n\n\n\n<p>PLQHA ALLAROUND RIDER AQHA OPEN<\/p>\n\n\n\n<p>PLQHA ALLAROUND RIDER AQHA YOUTH<\/p>\n\n\n\n<p>PLQHA ALLAROUND RIDER AQHA AMATEUR<\/p>\n\n\n\n<p>PLQHA ALLAROUND RIDER ALL BREED OPEN<\/p>\n\n\n\n<p><a><\/a>PLQHA ALLAROUND RIDER ALL BREED AMATEUR<\/p>\n\n\n\n<p>PLQHA ALLAROUND RIDER ALL BREED YOUTH 13&amp; under<\/p>\n\n\n\n<p>PLQHA ALLAROUND RIDER ALL BREED YOUTH 14-18<\/p>\n\n\n\n<p><\/p>\n\n\n\n<p><\/p>\n","protected":false},"excerpt":{"rendered":"<p>07 -09 czerwiec Open Mind Cup 2024 29 &#8211; 30 czerwiec 2024 Horse Land Ranch 22 &#8211; 25 sierpie\u0144 2024 Mistrzostwa PLWiR w Rancho Syberia -27 -29. 09. 2024 Mistrzostwa PLQHA Konkurs All Around Rider 202K Konkurs PLQHA All Around Rider 2024 Podczas zawod\u00f3w rozgrywanych pod patronatem PLQHA w sezonie 2024 zawodnicy b\u0119d\u0105 zdobywali punkty. [&hellip;]<\/p>\n","protected":false},"author":1,"featured_media":0,"parent":0,"menu_order":0,"comment_status":"closed","ping_status":"closed","template":"","meta":{"_et_pb_use_builder":"","_et_pb_old_content":"","_et_gb_content_width":"","footnotes":""},"class_list":["post-790","page","type-page","status-publish","hentry"],"acf":[],"_links":{"self":[{"href":"http:\/\/plqha.pl\/strona\/wp-json\/wp\/v2\/pages\/790","targetHints":{"allow":["GET"]}}],"collection":[{"href":"http:\/\/plqha.pl\/strona\/wp-json\/wp\/v2\/pages"}],"about":[{"href":"http:\/\/plqha.pl\/strona\/wp-json\/wp\/v2\/types\/page"}],"author":[{"embeddable":true,"href":"http:\/\/plqha.pl\/strona\/wp-json\/wp\/v2\/users\/1"}],"replies":[{"embeddable":true,"href":"http:\/\/plqha.pl\/strona\/wp-json\/wp\/v2\/comments?post=790"}],"version-history":[{"count":12,"href":"http:\/\/plqha.pl\/strona\/wp-json\/wp\/v2\/pages\/790\/revisions"}],"predecessor-version":[{"id":1332,"href":"http:\/\/plqha.pl\/strona\/wp-json\/wp\/v2\/pages\/790\/revisions\/1332"}],"wp:attachment":[{"href":"http:\/\/plqha.pl\/strona\/wp-json\/wp\/v2\/media?parent=790"}],"curies":[{"name":"wp","href":"https:\/\/api.w.org\/{rel}","templated":true}]}}