{"id":798,"date":"2023-01-21T12:19:39","date_gmt":"2023-01-21T11:19:39","guid":{"rendered":"https:\/\/plqha.pl\/strona\/?page_id=798"},"modified":"2023-02-05T08:13:02","modified_gmt":"2023-02-05T07:13:02","slug":"czlonkostwo","status":"publish","type":"page","link":"http:\/\/plqha.pl\/strona\/czlonkostwo\/","title":{"rendered":"Cz\u0142onkostwo"},"content":{"rendered":"\n<p>Zapraszamy do do\u0142\u0105czenia do naszego stowarzyszenia mi\u0142o\u015bnik\u00f3w koni rasy American Quarter Horse. Jeste\u015bmy polsk\u0105 fili\u0105 ameryka\u0144skiego stowarzyszenia hodowc\u00f3w AQHA. Zajmujemy si\u0119 promocj\u0105 rasy, wsparciem hodowc\u00f3w i zawodnik\u00f3w startuj\u0105cych w zawodach AQHA approved<\/p>\n\n\n\n<p><\/p>\n\n\n\n<p><strong>Sk\u0142adka cz\u0142onkowska PLQHA osoba pe\u0142noletnia:<\/strong><\/p>\n\n\n\n<p> 100 z\u0142 p\u0142atne do 31 marca b.r. <\/p>\n\n\n\n<p>150 z\u0142 p\u0142atne po 31 marca b.r. <\/p>\n\n\n\n<p><strong>Sk\u0142adka cz\u0142onkowska PLQHA do 18 r.\u017c.: <\/strong><\/p>\n\n\n\n<p>70 z\u0142 p\u0142atne do 31 marca b.r. <\/p>\n\n\n\n<p>120 z\u0142 p\u0142atne po 31 marca b.r. <\/p>\n\n\n\n<p><strong>Sk\u0142adka cz\u0142onkowska p\u0142atna na zawodach skutkuje dodatkow\u0105 op\u0142at\u0105 50 z\u0142 <\/strong><\/p>\n\n\n\n<p>Konto PLQHA 33 1600 1462 1819 7244 8000 0001 BNP Paribas<\/p>\n\n\n\n<figure class=\"wp-block-gallery has-nested-images columns-default is-cropped wp-block-gallery-1 is-layout-flex wp-block-gallery-is-layout-flex\">\n<figure class=\"wp-block-image size-large\"><img loading=\"lazy\" decoding=\"async\" width=\"1024\" height=\"682\" data-id=\"1006\" src=\"https:\/\/plqha.pl\/strona\/wp-content\/uploads\/2023\/01\/Picsart_23-01-09_11-55-16-792-1-1024x682.jpg\" alt=\"\" class=\"wp-image-1006\" srcset=\"https:\/\/plqha.pl\/strona\/wp-content\/uploads\/2023\/01\/Picsart_23-01-09_11-55-16-792-1-980x653.jpg 980w, https:\/\/plqha.pl\/strona\/wp-content\/uploads\/2023\/01\/Picsart_23-01-09_11-55-16-792-1-480x320.jpg 480w\" sizes=\"auto, (min-width: 0px) and (max-width: 480px) 480px, (min-width: 481px) and (max-width: 980px) 980px, (min-width: 981px) 1024px, 100vw\" \/><\/figure>\n\n\n\n<figure class=\"wp-block-image size-large\"><img loading=\"lazy\" decoding=\"async\" width=\"1024\" height=\"682\" data-id=\"1007\" src=\"https:\/\/plqha.pl\/strona\/wp-content\/uploads\/2023\/01\/Picsart_23-01-09_12-29-10-059-1-1024x682.jpg\" alt=\"\" class=\"wp-image-1007\" srcset=\"https:\/\/plqha.pl\/strona\/wp-content\/uploads\/2023\/01\/Picsart_23-01-09_12-29-10-059-1-980x653.jpg 980w, https:\/\/plqha.pl\/strona\/wp-content\/uploads\/2023\/01\/Picsart_23-01-09_12-29-10-059-1-480x320.jpg 480w\" sizes=\"auto, (min-width: 0px) and (max-width: 480px) 480px, (min-width: 481px) and (max-width: 980px) 980px, (min-width: 981px) 1024px, 100vw\" \/><\/figure>\n<\/figure>\n","protected":false},"excerpt":{"rendered":"<p>Zapraszamy do do\u0142\u0105czenia do naszego stowarzyszenia mi\u0142o\u015bnik\u00f3w koni rasy American Quarter Horse. Jeste\u015bmy polsk\u0105 fili\u0105 ameryka\u0144skiego stowarzyszenia hodowc\u00f3w AQHA. Zajmujemy si\u0119 promocj\u0105 rasy, wsparciem hodowc\u00f3w i zawodnik\u00f3w startuj\u0105cych w zawodach AQHA approved Sk\u0142adka cz\u0142onkowska PLQHA osoba pe\u0142noletnia: 100 z\u0142 p\u0142atne do 31 marca b.r. 150 z\u0142 p\u0142atne po 31 marca b.r. Sk\u0142adka cz\u0142onkowska PLQHA do [&hellip;]<\/p>\n","protected":false},"author":1,"featured_media":0,"parent":0,"menu_order":0,"comment_status":"closed","ping_status":"closed","template":"","meta":{"_et_pb_use_builder":"","_et_pb_old_content":"","_et_gb_content_width":"","footnotes":""},"class_list":["post-798","page","type-page","status-publish","hentry"],"acf":[],"_links":{"self":[{"href":"http:\/\/plqha.pl\/strona\/wp-json\/wp\/v2\/pages\/798","targetHints":{"allow":["GET"]}}],"collection":[{"href":"http:\/\/plqha.pl\/strona\/wp-json\/wp\/v2\/pages"}],"about":[{"href":"http:\/\/plqha.pl\/strona\/wp-json\/wp\/v2\/types\/page"}],"author":[{"embeddable":true,"href":"http:\/\/plqha.pl\/strona\/wp-json\/wp\/v2\/users\/1"}],"replies":[{"embeddable":true,"href":"http:\/\/plqha.pl\/strona\/wp-json\/wp\/v2\/comments?post=798"}],"version-history":[{"count":4,"href":"http:\/\/plqha.pl\/strona\/wp-json\/wp\/v2\/pages\/798\/revisions"}],"predecessor-version":[{"id":1037,"href":"http:\/\/plqha.pl\/strona\/wp-json\/wp\/v2\/pages\/798\/revisions\/1037"}],"wp:attachment":[{"href":"http:\/\/plqha.pl\/strona\/wp-json\/wp\/v2\/media?parent=798"}],"curies":[{"name":"wp","href":"https:\/\/api.w.org\/{rel}","templated":true}]}}